{"id":228,"date":"2025-10-05T14:00:52","date_gmt":"2025-10-05T14:00:52","guid":{"rendered":"https:\/\/coloringtheverglades.com\/?post_type=product&#038;p=228"},"modified":"2026-04-13T15:37:47","modified_gmt":"2026-04-13T15:37:47","slug":"coloring-the-everglades-birds-vol-1","status":"publish","type":"product","link":"https:\/\/coloringtheverglades.com\/es\/producto\/coloring-the-everglades-birds-vol-1\/","title":{"rendered":"Colorear las aves de los Everglades Vol-1"},"content":{"rendered":"<p class=\"p1\"><span class=\"s1\">Coloring the Everglades \/ Coloreando los Everglades - Vol. 1: Birds \/ Aves<\/span><span class=\"s2\"> es un libro biling\u00fce para colorear y de actividades \u00fanico en su g\u00e9nero que combina arte, educaci\u00f3n y la belleza salvaje de los Everglades de Florida.\u00a0<\/span><\/p>\n<p class=\"p1\"><span class=\"s2\">Dentro, encontrar\u00e1s:<\/span><\/p>\n<p class=\"p3\"><span class=\"s2\">- 12 especies de aves ilustradas con <\/span><span class=\"s3\">ilustraciones a todo color<\/span><span class=\"s2\"> y <\/span><span class=\"s3\">p\u00e1ginas de arte lineal<\/span><span class=\"s2\"> para colorear y realizar actividades creativas.<\/span><\/p>\n<p class=\"p3\"><span class=\"s2\">- Descripciones biling\u00fces ingl\u00e9s-espa\u00f1ol con datos curiosos y contenidos educativos.<\/span><\/p>\n<p class=\"p3\"><span class=\"s2\">- Sopas de letras interactivas para reforzar el vocabulario y el aprendizaje.<\/span><\/p>\n<p class=\"p3\"><span class=\"s2\">- Ilustraciones y fotograf\u00edas originales de Javier Labrador, inspiradas en la fauna real de los Everglades.<\/span><\/p>\n<p class=\"p3\"><span class=\"s2\">Perfecto para actividades escolares, educaci\u00f3n en casa, regalos educativos o para cualquier ni\u00f1o al que le guste explorar la naturaleza.\u00a0<\/span><\/p>\n<p class=\"p3\"><span class=\"s2\">Tama\u00f1o: 8\" \u00d7 10 \u00d7 10\"<\/span><\/p>\n<p class=\"p3\"><span class=\"s2\">38 p\u00e1ginas - Tapa blanda - Ingl\u00e9s y espa\u00f1ol.<\/span><\/p>","protected":false},"excerpt":{"rendered":"<p class=\"p1\"><span class=\"s1\">A unique bilingual book that combines vibrant color illustrations, original line [&hellip;]<\/p>\n","protected":false},"featured_media":485,"comment_status":"open","ping_status":"closed","template":"","meta":[],"product_brand":[],"product_cat":[36,37,38],"product_tag":[30,32,35,17,34,19,27,20,21,18,24,28,31,26,29,25,23,22,33],"class_list":{"0":"post-228","1":"product","2":"type-product","3":"status-publish","4":"has-post-thumbnail","6":"product_cat-books","7":"product_cat-coloring-book","8":"product_cat-everglades-series","9":"product_tag-activity-book","10":"product_tag-animals","11":"product_tag-art-and-nature","12":"product_tag-bilingual","13":"product_tag-bilingual-book","14":"product_tag-birds","15":"product_tag-children","16":"product_tag-coloring-book","17":"product_tag-educational","18":"product_tag-everglades","19":"product_tag-florida","20":"product_tag-homeschool","21":"product_tag-illustration","22":"product_tag-kids","23":"product_tag-learning","24":"product_tag-line-art","25":"product_tag-nature","26":"product_tag-wildlife","27":"product_tag-wildlife-education","29":"first","30":"instock","31":"taxable","32":"shipping-taxable","33":"purchasable","34":"product-type-simple"},"jetpack_sharing_enabled":true,"_links":{"self":[{"href":"https:\/\/coloringtheverglades.com\/es\/wp-json\/wp\/v2\/product\/228","targetHints":{"allow":["GET"]}}],"collection":[{"href":"https:\/\/coloringtheverglades.com\/es\/wp-json\/wp\/v2\/product"}],"about":[{"href":"https:\/\/coloringtheverglades.com\/es\/wp-json\/wp\/v2\/types\/product"}],"replies":[{"embeddable":true,"href":"https:\/\/coloringtheverglades.com\/es\/wp-json\/wp\/v2\/comments?post=228"}],"wp:featuredmedia":[{"embeddable":true,"href":"https:\/\/coloringtheverglades.com\/es\/wp-json\/wp\/v2\/media\/485"}],"wp:attachment":[{"href":"https:\/\/coloringtheverglades.com\/es\/wp-json\/wp\/v2\/media?parent=228"}],"wp:term":[{"taxonomy":"product_brand","embeddable":true,"href":"https:\/\/coloringtheverglades.com\/es\/wp-json\/wp\/v2\/product_brand?post=228"},{"taxonomy":"product_cat","embeddable":true,"href":"https:\/\/coloringtheverglades.com\/es\/wp-json\/wp\/v2\/product_cat?post=228"},{"taxonomy":"product_tag","embeddable":true,"href":"https:\/\/coloringtheverglades.com\/es\/wp-json\/wp\/v2\/product_tag?post=228"}],"curies":[{"name":"wp","href":"https:\/\/api.w.org\/{rel}","templated":true}]}}